{"id":7,"date":"2018-05-13T23:11:16","date_gmt":"2018-05-13T21:11:16","guid":{"rendered":"http:\/\/cryptoferox.fr\/?page_id=7"},"modified":"2022-05-20T00:25:37","modified_gmt":"2022-05-19T22:25:37","slug":"accueil","status":"publish","type":"page","link":"https:\/\/cryptoferox.fr\/","title":{"rendered":"Accueil"},"content":{"rendered":"\n<blockquote>\n<h1><strong>Evoluer dans le brouillard<\/strong><\/h1>\n<\/blockquote>\n\n\n\n<hr class=\"wp-block-separator\"\/>\n\n\n\n<p>L&rsquo;exp\u00e9rience nous am\u00e8ne sur des terrains inconnus, mar\u00e9cageux, voire hostiles. Cela conduit souvent \u00e0 reconsid\u00e9rer certaines habitudes et \u00e0 nous remettre en question. <\/p>\n\n\n\n<p>Ma principale qualit\u00e9 r\u00e9side en cela: \u00ab\u00a0Affronter l&rsquo;inconnu, d\u00e9gager des strat\u00e9gies d&rsquo;adaptation et d&rsquo;am\u00e9lioration, et passer \u00e0 la r\u00e9alisation !\u00a0\u00bb. <\/p>\n\n\n\n<p>Pour aborder ces changements, nous proposons le plan suivant: <\/p>\n\n\n\n<p>* <strong>Analyse<\/strong> de la situation courante (<strong>Identification, Quantification, Contextualisation, Criticit\u00e9<\/strong>); <\/p>\n\n\n\n<p>* le recours \u00e0 l&rsquo;<strong>imagination<\/strong> et <strong>la cr\u00e9ativit\u00e9<\/strong> pour dresser la<strong> liste des possibles<\/strong>;<\/p>\n\n\n\n<p><strong>* Passer \u00e0 la r\u00e9alisation<\/strong> (Priorisation)<\/p>\n\n\n\n<p><\/p>\n","protected":false},"excerpt":{"rendered":"<p>Evoluer dans le brouillard L&rsquo;exp\u00e9rience nous am\u00e8ne sur des terrains inconnus, mar\u00e9cageux, voire hostiles. Cela conduit souvent \u00e0 reconsid\u00e9rer certaines habitudes et \u00e0 nous remettre en question. Ma principale qualit\u00e9 r\u00e9side en cela: \u00ab\u00a0Affronter l&rsquo;inconnu, d\u00e9gager des strat\u00e9gies d&rsquo;adaptation et d&rsquo;am\u00e9lioration, et passer \u00e0 la r\u00e9alisation !\u00a0\u00bb. Pour aborder ces changements, nous proposons le plan &hellip; <\/p>\n<p class=\"link-more\"><a href=\"https:\/\/cryptoferox.fr\/\" class=\"more-link\">Continuer la lecture<span class=\"screen-reader-text\"> de &laquo;&nbsp;Accueil&nbsp;&raquo;<\/span><\/a><\/p>\n","protected":false},"author":1,"featured_media":36,"parent":0,"menu_order":0,"comment_status":"closed","ping_status":"closed","template":"","meta":[],"_links":{"self":[{"href":"https:\/\/cryptoferox.fr\/index.php?rest_route=\/wp\/v2\/pages\/7"}],"collection":[{"href":"https:\/\/cryptoferox.fr\/index.php?rest_route=\/wp\/v2\/pages"}],"about":[{"href":"https:\/\/cryptoferox.fr\/index.php?rest_route=\/wp\/v2\/types\/page"}],"author":[{"embeddable":true,"href":"https:\/\/cryptoferox.fr\/index.php?rest_route=\/wp\/v2\/users\/1"}],"replies":[{"embeddable":true,"href":"https:\/\/cryptoferox.fr\/index.php?rest_route=%2Fwp%2Fv2%2Fcomments&post=7"}],"version-history":[{"count":41,"href":"https:\/\/cryptoferox.fr\/index.php?rest_route=\/wp\/v2\/pages\/7\/revisions"}],"predecessor-version":[{"id":439,"href":"https:\/\/cryptoferox.fr\/index.php?rest_route=\/wp\/v2\/pages\/7\/revisions\/439"}],"wp:featuredmedia":[{"embeddable":true,"href":"https:\/\/cryptoferox.fr\/index.php?rest_route=\/wp\/v2\/media\/36"}],"wp:attachment":[{"href":"https:\/\/cryptoferox.fr\/index.php?rest_route=%2Fwp%2Fv2%2Fmedia&parent=7"}],"curies":[{"name":"wp","href":"https:\/\/api.w.org\/{rel}","templated":true}]}}